{"id":96,"date":"2024-04-17T14:19:11","date_gmt":"2024-04-17T12:19:11","guid":{"rendered":"https:\/\/carrosserie-cazenave.fr\/?page_id=96"},"modified":"2024-04-18T14:19:54","modified_gmt":"2024-04-18T12:19:54","slug":"nos-autres-services","status":"publish","type":"page","link":"https:\/\/carrosserie-cazenave.fr\/index.php\/prestations\/nos-autres-services\/","title":{"rendered":"NOS AUTRES SERVICES"},"content":{"rendered":"\t\t<div data-elementor-type=\"wp-page\" data-elementor-id=\"96\" class=\"elementor elementor-96\">\n\t\t\t\t<div class=\"elementor-element elementor-element-1da2d4c e-flex e-con-boxed e-con e-parent\" data-id=\"1da2d4c\" data-element_type=\"container\" data-e-type=\"container\">\n\t\t\t\t\t<div class=\"e-con-inner\">\n\t\t\t\t<div class=\"elementor-element elementor-element-98700ec elementor-widget elementor-widget-heading\" data-id=\"98700ec\" data-element_type=\"widget\" data-e-type=\"widget\" data-widget_type=\"heading.default\">\n\t\t\t\t<div class=\"elementor-widget-container\">\n\t\t\t\t\t<h2 class=\"elementor-heading-title elementor-size-default\">NOS AUTRES SERVICES<\/h2>\t\t\t\t<\/div>\n\t\t\t\t<\/div>\n\t\t\t\t\t<\/div>\n\t\t\t\t<\/div>\n\t\t<div class=\"elementor-element elementor-element-e5f71d3 e-flex e-con-boxed e-con e-parent\" data-id=\"e5f71d3\" data-element_type=\"container\" data-e-type=\"container\">\n\t\t\t\t\t<div class=\"e-con-inner\">\n\t\t\t\t<div class=\"elementor-element elementor-element-2ae096e elementor-widget elementor-widget-text-editor\" data-id=\"2ae096e\" data-element_type=\"widget\" data-e-type=\"widget\" data-widget_type=\"text-editor.default\">\n\t\t\t\t<div class=\"elementor-widget-container\">\n\t\t\t\t\t\t\t\t\t<p><strong>REMPLACEMENT \u2013 NEVOVATION DES OPTIQUES<\/strong><\/p><ul><li>remplacement toutes marques (\u00e9l\u00e9ments avant et arri\u00e8re),<\/li><li>r\u00e9novation des optiques plastiques avant : d\u00e9montage de l&#8217;\u00e9l\u00e9ment, pr\u00e9paration et application d&#8217;un vernis sp\u00e9cial polycarbonates,<\/li><li>remplacement pi\u00e8ce d&#8217;\u00e9clairage (ampoules X\u00e9non, LED..).<\/li><\/ul><p><strong>RENOVATION PEINTURE LUSTRAGE<\/strong><\/p><p><strong>LIFTING POUR VENTE<\/strong><\/p><p><strong>REPARATION VEHICULE ELECTRIQUE<\/strong><\/p>\t\t\t\t\t\t\t\t<\/div>\n\t\t\t\t<\/div>\n\t\t\t\t\t<\/div>\n\t\t\t\t<\/div>\n\t\t\t\t<\/div>\n\t\t","protected":false},"excerpt":{"rendered":"<p>NOS AUTRES SERVICES REMPLACEMENT \u2013 NEVOVATION DES OPTIQUES remplacement toutes marques (\u00e9l\u00e9ments avant et arri\u00e8re), r\u00e9novation des optiques plastiques avant : d\u00e9montage de l&#8217;\u00e9l\u00e9ment, pr\u00e9paration et application d&#8217;un vernis sp\u00e9cial polycarbonates, remplacement pi\u00e8ce d&#8217;\u00e9clairage (ampoules X\u00e9non, LED..). RENOVATION PEINTURE LUSTRAGE LIFTING POUR VENTE REPARATION VEHICULE ELECTRIQUE<\/p>\n","protected":false},"author":1,"featured_media":0,"parent":90,"menu_order":4,"comment_status":"closed","ping_status":"closed","template":"","meta":{"_monsterinsights_skip_tracking":false,"_monsterinsights_sitenote_active":false,"_monsterinsights_sitenote_note":"","_monsterinsights_sitenote_category":0,"footnotes":""},"class_list":["post-96","page","type-page","status-publish","hentry"],"aioseo_notices":[],"_links":{"self":[{"href":"https:\/\/carrosserie-cazenave.fr\/index.php\/wp-json\/wp\/v2\/pages\/96","targetHints":{"allow":["GET"]}}],"collection":[{"href":"https:\/\/carrosserie-cazenave.fr\/index.php\/wp-json\/wp\/v2\/pages"}],"about":[{"href":"https:\/\/carrosserie-cazenave.fr\/index.php\/wp-json\/wp\/v2\/types\/page"}],"author":[{"embeddable":true,"href":"https:\/\/carrosserie-cazenave.fr\/index.php\/wp-json\/wp\/v2\/users\/1"}],"replies":[{"embeddable":true,"href":"https:\/\/carrosserie-cazenave.fr\/index.php\/wp-json\/wp\/v2\/comments?post=96"}],"version-history":[{"count":7,"href":"https:\/\/carrosserie-cazenave.fr\/index.php\/wp-json\/wp\/v2\/pages\/96\/revisions"}],"predecessor-version":[{"id":176,"href":"https:\/\/carrosserie-cazenave.fr\/index.php\/wp-json\/wp\/v2\/pages\/96\/revisions\/176"}],"up":[{"embeddable":true,"href":"https:\/\/carrosserie-cazenave.fr\/index.php\/wp-json\/wp\/v2\/pages\/90"}],"wp:attachment":[{"href":"https:\/\/carrosserie-cazenave.fr\/index.php\/wp-json\/wp\/v2\/media?parent=96"}],"curies":[{"name":"wp","href":"https:\/\/api.w.org\/{rel}","templated":true}]}}